{"id":10036,"date":"2023-04-16T11:42:28","date_gmt":"2023-04-16T09:42:28","guid":{"rendered":"https:\/\/nordicbikeshows.dk\/contact\/"},"modified":"2024-03-20T13:09:08","modified_gmt":"2024-03-20T12:09:08","slug":"contact","status":"publish","type":"page","link":"https:\/\/nordicbikeshows.dk\/en\/nordic-bike-shows\/contact\/","title":{"rendered":"Contact"},"content":{"rendered":"<p>[et_pb_section fb_built=&#8221;1&#8243; _builder_version=&#8221;4.20.0&#8243; _module_preset=&#8221;default&#8221; background_color=&#8221;gcid-c03bc218-1cb7-447c-997c-fb9e21103936&#8243; global_colors_info=&#8221;{%22gcid-c03bc218-1cb7-447c-997c-fb9e21103936%22:%91%22background_color%22%93}&#8221;][et_pb_row column_structure=&#8221;3_5,2_5&#8243; _builder_version=&#8221;4.18.0&#8243; _module_preset=&#8221;default&#8221; global_colors_info=&#8221;{}&#8221;][et_pb_column type=&#8221;3_5&#8243; _builder_version=&#8221;4.18.0&#8243; _module_preset=&#8221;default&#8221; global_colors_info=&#8221;{}&#8221;][et_pb_contact_form use_spam_service=&#8221;on&#8221; recaptcha_list=&#8221;none&#8221; email=&#8221;christian@ritter.dk&#8221; submit_button_text=&#8221;Send&#8221; _builder_version=&#8221;4.21.0&#8243; _module_preset=&#8221;default&#8221; _unique_id=&#8221;bab9d795-54a0-4dbe-816c-855f11955d30&#8243; form_field_background_color=&#8221;#FFFFFF&#8221; form_field_text_color=&#8221;gcid-e915d4a1-333d-4312-8b90-2c387d468063&#8243; form_field_focus_background_color=&#8221;#FFFFFF&#8221; form_field_focus_text_color=&#8221;gcid-e915d4a1-333d-4312-8b90-2c387d468063&#8243; custom_button=&#8221;on&#8221; button_text_size=&#8221;16px&#8221; button_text_color=&#8221;gcid-e915d4a1-333d-4312-8b90-2c387d468063&#8243; button_bg_color=&#8221;#FFFFFF&#8221; button_border_width=&#8221;0px&#8221; button_border_radius=&#8221;0px&#8221; button_letter_spacing=&#8221;5px&#8221; button_font=&#8221;|||on|||||&#8221; button_use_icon=&#8221;off&#8221; hover_enabled=&#8221;0&#8243; box_shadow_style_button=&#8221;preset4&#8243; box_shadow_horizontal_button=&#8221;0px&#8221; box_shadow_vertical_button=&#8221;2px&#8221; box_shadow_color_button=&#8221;gcid-e915d4a1-333d-4312-8b90-2c387d468063&#8243; global_colors_info=&#8221;{%22gcid-e915d4a1-333d-4312-8b90-2c387d468063%22:%91%22button_text_color%22,%22box_shadow_color_button%22,%22form_field_focus_text_color%22,%22form_field_text_color%22%93}&#8221; box_shadow_vertical_button__hover_enabled=&#8221;on|desktop&#8221; box_shadow_vertical_button__hover=&#8221;8px&#8221; custom_message=&#8221;Besked fra kontaktformular p\u00e5 hjemmesiden:||et_pb_line_break_holder||%%Message%%||et_pb_line_break_holder||||et_pb_line_break_holder||Navn: %%Name%%||et_pb_line_break_holder||Email: %%Email%%&#8221; sticky_enabled=&#8221;0&#8243;][et_pb_contact_field field_id=&#8221;Name&#8221; field_title=&#8221;Name&#8221; _builder_version=&#8221;4.16&#8243; _module_preset=&#8221;default&#8221; global_colors_info=&#8221;{}&#8221; button_text_size__hover_enabled=&#8221;off&#8221; button_one_text_size__hover_enabled=&#8221;off&#8221; button_two_text_size__hover_enabled=&#8221;off&#8221; button_text_color__hover_enabled=&#8221;off&#8221; button_one_text_color__hover_enabled=&#8221;off&#8221; button_two_text_color__hover_enabled=&#8221;off&#8221; button_border_width__hover_enabled=&#8221;off&#8221; button_one_border_width__hover_enabled=&#8221;off&#8221; button_two_border_width__hover_enabled=&#8221;off&#8221; button_border_color__hover_enabled=&#8221;off&#8221; button_one_border_color__hover_enabled=&#8221;off&#8221; button_two_border_color__hover_enabled=&#8221;off&#8221; button_border_radius__hover_enabled=&#8221;off&#8221; button_one_border_radius__hover_enabled=&#8221;off&#8221; button_two_border_radius__hover_enabled=&#8221;off&#8221; button_letter_spacing__hover_enabled=&#8221;off&#8221; button_one_letter_spacing__hover_enabled=&#8221;off&#8221; button_two_letter_spacing__hover_enabled=&#8221;off&#8221; button_bg_color__hover_enabled=&#8221;off&#8221; button_one_bg_color__hover_enabled=&#8221;off&#8221; button_two_bg_color__hover_enabled=&#8221;off&#8221;][\/et_pb_contact_field][et_pb_contact_field field_id=&#8221;Email&#8221; field_title=&#8221;E-mail&#8221; field_type=&#8221;email&#8221; _builder_version=&#8221;4.16&#8243; _module_preset=&#8221;default&#8221; global_colors_info=&#8221;{}&#8221; button_text_size__hover_enabled=&#8221;off&#8221; button_one_text_size__hover_enabled=&#8221;off&#8221; button_two_text_size__hover_enabled=&#8221;off&#8221; button_text_color__hover_enabled=&#8221;off&#8221; button_one_text_color__hover_enabled=&#8221;off&#8221; button_two_text_color__hover_enabled=&#8221;off&#8221; button_border_width__hover_enabled=&#8221;off&#8221; button_one_border_width__hover_enabled=&#8221;off&#8221; button_two_border_width__hover_enabled=&#8221;off&#8221; button_border_color__hover_enabled=&#8221;off&#8221; button_one_border_color__hover_enabled=&#8221;off&#8221; button_two_border_color__hover_enabled=&#8221;off&#8221; button_border_radius__hover_enabled=&#8221;off&#8221; button_one_border_radius__hover_enabled=&#8221;off&#8221; button_two_border_radius__hover_enabled=&#8221;off&#8221; button_letter_spacing__hover_enabled=&#8221;off&#8221; button_one_letter_spacing__hover_enabled=&#8221;off&#8221; button_two_letter_spacing__hover_enabled=&#8221;off&#8221; button_bg_color__hover_enabled=&#8221;off&#8221; button_one_bg_color__hover_enabled=&#8221;off&#8221; button_two_bg_color__hover_enabled=&#8221;off&#8221;][\/et_pb_contact_field][et_pb_contact_field field_id=&#8221;Message&#8221; field_title=&#8221;Message&#8221; field_type=&#8221;text&#8221; fullwidth_field=&#8221;on&#8221; _builder_version=&#8221;4.16&#8243; _module_preset=&#8221;default&#8221; global_colors_info=&#8221;{}&#8221; button_text_size__hover_enabled=&#8221;off&#8221; button_one_text_size__hover_enabled=&#8221;off&#8221; button_two_text_size__hover_enabled=&#8221;off&#8221; button_text_color__hover_enabled=&#8221;off&#8221; button_one_text_color__hover_enabled=&#8221;off&#8221; button_two_text_color__hover_enabled=&#8221;off&#8221; button_border_width__hover_enabled=&#8221;off&#8221; button_one_border_width__hover_enabled=&#8221;off&#8221; button_two_border_width__hover_enabled=&#8221;off&#8221; button_border_color__hover_enabled=&#8221;off&#8221; button_one_border_color__hover_enabled=&#8221;off&#8221; button_two_border_color__hover_enabled=&#8221;off&#8221; button_border_radius__hover_enabled=&#8221;off&#8221; button_one_border_radius__hover_enabled=&#8221;off&#8221; button_two_border_radius__hover_enabled=&#8221;off&#8221; button_letter_spacing__hover_enabled=&#8221;off&#8221; button_one_letter_spacing__hover_enabled=&#8221;off&#8221; button_two_letter_spacing__hover_enabled=&#8221;off&#8221; button_bg_color__hover_enabled=&#8221;off&#8221; button_one_bg_color__hover_enabled=&#8221;off&#8221; button_two_bg_color__hover_enabled=&#8221;off&#8221;][\/et_pb_contact_field][\/et_pb_contact_form][et_pb_code _builder_version=&#8221;4.21.0&#8243; _module_preset=&#8221;default&#8221; global_colors_info=&#8221;{}&#8221;]<button data-service=\"google-recaptcha\" data-category=\"marketing\" class=\"cmplz-blocked-content-container cmplz-blocked-content-notice cmplz-accept-service cmplz-accept-marketing cmplz-wpforms\" style=\"text-align: left; cursor: pointer;\"><!-- [et_pb_line_break_holder] --><!-- [et_pb_line_break_holder] -->Click here to authorize google reCAPTCHA to set cookies. We use the service to limit spam.<!-- [et_pb_line_break_holder] -->  <!-- [et_pb_line_break_holder] --><\/button><!-- [et_pb_line_break_holder] --><\/p>\n<style><!-- [et_pb_line_break_holder] -->    .cmplz-marketing button.cmplz-blocked-content-container.cmplz-blocked-content-notice.cmplz-wpforms {<!-- [et_pb_line_break_holder] --><!-- [et_pb_line_break_holder] -->display: none;<!-- [et_pb_line_break_holder] -->}<!-- [et_pb_line_break_holder] --><!-- [et_pb_line_break_holder] -->  .cmplz-google-recaptcha button.cmplz-blocked-content-container.cmplz-blocked-content-notice.cmplz-wpforms {<!-- [et_pb_line_break_holder] --><!-- [et_pb_line_break_holder] -->display: none;<!-- [et_pb_line_break_holder] -->}<!-- [et_pb_line_break_holder] -->button.et_pb_contact_submit.et_pb_button {<!-- [et_pb_line_break_holder] -->    display: none;<!-- [et_pb_line_break_holder] -->}<!-- [et_pb_line_break_holder] --> .cmplz-google-recaptcha button.et_pb_contact_submit.et_pb_button,<!-- [et_pb_line_break_holder] --> .cmplz-marketing button.et_pb_contact_submit.et_pb_button {<!-- [et_pb_line_break_holder] -->    display: block!important;<!-- [et_pb_line_break_holder] -->}<!-- [et_pb_line_break_holder] -->  <!-- [et_pb_line_break_holder] -->  .cmplz-blocked-content-container, .cmplz-wp-video {<!-- [et_pb_line_break_holder] -->    border: 2px solid black;<!-- [et_pb_line_break_holder] -->    border-radius: 6px;<!-- [et_pb_line_break_holder] -->    padding: 14px 20px;<!-- [et_pb_line_break_holder] -->    background: transparent;<!-- [et_pb_line_break_holder] -->    font-family: inherit;<!-- [et_pb_line_break_holder] -->    font-size: 20px;<!-- [et_pb_line_break_holder] -->    font-weight: 500;<!-- [et_pb_line_break_holder] -->}<!-- [et_pb_line_break_holder] --><\/style>\n<p>[\/et_pb_code][\/et_pb_column][et_pb_column type=&#8221;2_5&#8243; _builder_version=&#8221;4.18.0&#8243; _module_preset=&#8221;default&#8221; global_colors_info=&#8221;{}&#8221;][et_pb_blurb title=&#8221;Learn more about your options&#8221; _builder_version=&#8221;4.20.0&#8243; _module_preset=&#8221;default&#8221; global_colors_info=&#8221;{}&#8221;]<\/p>\n<p>Please contact Christian Ritter from Nordic Bike Shows A\/S for information about available booths and booking.<\/p>\n<p>Write an e-mail to <a href=\"mailto:christian@ritter.dk\">christian@ritter.dk<\/a> or call +45 2042 0006.<\/p>\n<p>[\/et_pb_blurb][\/et_pb_column][\/et_pb_row][\/et_pb_section][et_pb_section fb_built=&#8221;1&#8243; admin_label=&#8221;section&#8221; _builder_version=&#8221;4.20.0&#8243; _module_preset=&#8221;default&#8221; custom_margin=&#8221;||||false|false&#8221; custom_padding=&#8221;150px||||false|false&#8221; top_divider_style=&#8221;asymmetric2&#8243; top_divider_color=&#8221;gcid-c03bc218-1cb7-447c-997c-fb9e21103936&#8243; top_divider_repeat=&#8221;1x&#8221; top_divider_flip=&#8221;vertical&#8221; global_module=&#8221;9532&#8243; saved_tabs=&#8221;all&#8221; global_colors_info=&#8221;{%22gcid-c03bc218-1cb7-447c-997c-fb9e21103936%22:%91%22top_divider_color%22%93}&#8221;][et_pb_row _builder_version=&#8221;4.20.0&#8243; _module_preset=&#8221;default&#8221; global_colors_info=&#8221;{}&#8221;][et_pb_column type=&#8221;4_4&#8243; _builder_version=&#8221;4.20.0&#8243; _module_preset=&#8221;default&#8221; global_colors_info=&#8221;{}&#8221;][et_pb_text _builder_version=&#8221;4.21.0&#8243; _module_preset=&#8221;0cf11c04-bc01-4c14-b0fb-af679ed136d8&#8243; header_font=&#8221;|300||on|||||&#8221; header_font_size=&#8221;5vw&#8221; header_font_size_tablet=&#8221;6vw&#8221; header_font_size_phone=&#8221;6vw&#8221; header_font_size_last_edited=&#8221;on|tablet&#8221; global_colors_info=&#8221;{}&#8221;]<\/p>\n<h1>Nordic Bike Shows<\/h1>\n<p><strong>Welcome to Nordic Bike Shows &#8211; Scandinavia&#8217;s largest organizer of bike shows.<br \/><\/strong><\/p>\n<p>Each year we organize shows in Copenhagen, Ballerup and Vejle.<\/p>\n<p>[\/et_pb_text][\/et_pb_column][\/et_pb_row][et_pb_row column_structure=&#8221;1_3,1_3,1_3&#8243; _builder_version=&#8221;4.20.0&#8243; _module_preset=&#8221;default&#8221; global_colors_info=&#8221;{}&#8221;][et_pb_column type=&#8221;1_3&#8243; _builder_version=&#8221;4.20.0&#8243; _module_preset=&#8221;default&#8221; global_colors_info=&#8221;{}&#8221;][et_pb_blurb title=&#8221;%91velodays_messens_navn_vejle_b2b%93&#8243; url=&#8221;https:\/\/nordicbikeshows.dk\/en\/velodays\/#b2b&#8221; image=&#8221;https:\/\/nordicbikeshows.dk\/wp-content\/uploads\/2023\/04\/Updated-logo-VeloDays-1-300&#215;128-1-300&#215;128.png&#8221; icon_placement=&#8221;left&#8221; image_icon_width=&#8221;75px&#8221; _builder_version=&#8221;4.21.0&#8243; _module_preset=&#8221;default&#8221; header_font=&#8221;|||on|||||&#8221; global_colors_info=&#8221;{}&#8221;]<\/p>\n<p>Denmark&#8217;s only trade fair for the cycling industry.<br \/>A day focusing on news from suppliers, as well as customer care for potential and existing dealers.<\/p>\n<p>The location in DGI Huset in Vejle is no coincidence, as this is a natural hub for the cycling industry. Partly because of its central location, but also because trade fairs have been held here for many years.<\/p>\n<p>[\/et_pb_blurb][\/et_pb_column][et_pb_column type=&#8221;1_3&#8243; _builder_version=&#8221;4.20.0&#8243; _module_preset=&#8221;default&#8221; global_colors_info=&#8221;{}&#8221;][et_pb_blurb title=&#8221;%91velodays_messens_navn_vejle%93&#8243; url=&#8221;https:\/\/nordicbikeshows.dk\/en\/velodays\/#vejle&#8221; image=&#8221;https:\/\/nordicbikeshows.dk\/wp-content\/uploads\/2023\/04\/VeloDays-logo-uden-tekst-300&#215;128-1-300&#215;128.png&#8221; icon_placement=&#8221;left&#8221; image_icon_width=&#8221;75px&#8221; _builder_version=&#8221;4.21.0&#8243; _module_preset=&#8221;default&#8221; header_font=&#8221;|||on|||||&#8221; global_colors_info=&#8221;{}&#8221;]<\/p>\n<p>The Triangle region, with its population of 420,000, is the immediate neighbor of VeloDays in Vejle. But just an hour&#8217;s drive away are major cities such as Aarhus, Odense, Esbjerg, Herning and Ribe.<\/p>\n<p>There are about 1,000 free parking spaces right outside the door, and Vejle Railway Station is just a short walk away.<\/p>\n<p>[\/et_pb_blurb][\/et_pb_column][et_pb_column type=&#8221;1_3&#8243; _builder_version=&#8221;4.20.0&#8243; _module_preset=&#8221;default&#8221; global_colors_info=&#8221;{}&#8221;][et_pb_blurb title=&#8221;%91velodays_messens_navn_ballerup%93&#8243; url=&#8221;https:\/\/nordicbikeshows.dk\/en\/velodays\/#ballerup&#8221; image=&#8221;https:\/\/nordicbikeshows.dk\/wp-content\/uploads\/2023\/04\/VeloDays-logo-uden-tekst-300&#215;128-1-300&#215;128.png&#8221; icon_placement=&#8221;left&#8221; image_icon_width=&#8221;75px&#8221; _builder_version=&#8221;4.21.0&#8243; _module_preset=&#8221;default&#8221; header_font=&#8221;|||on|||||&#8221; global_colors_info=&#8221;{}&#8221;]<\/p>\n<p>The arena&#8217;s large inner circle with space for more than 42 exhibitors &#8211; and the surrounding test track &#8211; is the perfect setting for a great cycling weekend.<\/p>\n<p>The good access conditions, as well as more than 1,400 free parking spaces, make Ballerup Super Arena easy to get to.<\/p>\n<p>Trains and buses are also within easy walking distance.<\/p>\n<p>[\/et_pb_blurb][\/et_pb_column][\/et_pb_row][et_pb_row column_structure=&#8221;1_2,1_2&#8243; _builder_version=&#8221;4.20.0&#8243; _module_preset=&#8221;default&#8221; global_colors_info=&#8221;{}&#8221;][et_pb_column type=&#8221;1_2&#8243; _builder_version=&#8221;4.20.0&#8243; _module_preset=&#8221;default&#8221; global_colors_info=&#8221;{}&#8221;][et_pb_blurb title=&#8221;%91ug_messens_navn%93&#8243; url=&#8221;https:\/\/nordicbikeshows.dk\/en\/copenhagen-bike-show\/&#8221; url_new_window=&#8221;on&#8221; image=&#8221;https:\/\/nordicbikeshows.dk\/wp-content\/uploads\/2023\/04\/CBS-logo-300&#215;128-1-300&#215;128.png&#8221; icon_placement=&#8221;left&#8221; image_icon_width=&#8221;75px&#8221; _builder_version=&#8221;4.21.0&#8243; _module_preset=&#8221;default&#8221; header_font=&#8221;|||on|||||&#8221; global_colors_info=&#8221;{}&#8221;]<\/p>\n<p>Scandinavia&#8217;s largest cycling fair, held since 2015.<\/p>\n<p>After some good years in \u00d8ksnehallen, the fair returns to Lokomotivv\u00e6rkstedet, as the setting in K\u00f8dbyen was simply too small.<\/p>\n<p>In 2024, the Copenhagen Bike Show will occupy no less than 10,000 m2 when the beautiful halls open their doors to what <span>was formerly used for the maintenance of Danish steam locomotives<\/span>.<\/p>\n<p>[\/et_pb_blurb][\/et_pb_column][et_pb_column type=&#8221;1_2&#8243; _builder_version=&#8221;4.20.0&#8243; _module_preset=&#8221;default&#8221; global_colors_info=&#8221;{}&#8221;][et_pb_blurb title=&#8221;%91cykler_for_alle_navn%93&#8243; url=&#8221;https:\/\/www.ferieforalle.dk\/aktiviteter\/cykler-for-alle&#8221; url_new_window=&#8221;on&#8221; image=&#8221;https:\/\/nordicbikeshows.dk\/wp-content\/uploads\/2023\/05\/STH24_logo.svg&#8221; icon_placement=&#8221;left&#8221; image_icon_width=&#8221;75px&#8221; _builder_version=&#8221;4.21.0&#8243; _module_preset=&#8221;default&#8221; header_font=&#8221;|||on|||||&#8221; global_colors_info=&#8221;{}&#8221;]<\/p>\n<p>We are working hard to organize a new, beautiful bicycle fair in Stockholm.<\/p>\n<p>It is not yet known whether it can happen by March 2024, but the interest is massive and the location has been found.<\/p>\n<p>Keep an eye on the website and contact us if you want to hear more.<\/p>\n<p>[\/et_pb_blurb][\/et_pb_column][\/et_pb_row][\/et_pb_section][et_pb_section fb_built=&#8221;1&#8243; fullwidth=&#8221;on&#8221; _builder_version=&#8221;4.20.2&#8243; _module_preset=&#8221;default&#8221; global_colors_info=&#8221;{}&#8221;][et_pb_fullwidth_header title=&#8221;Nordic Bike Shows&#8221; _builder_version=&#8221;4.20.4&#8243; _module_preset=&#8221;2688e776-afff-4156-8cac-f09873721062&#8243; global_colors_info=&#8221;{%22gcid-d6e93c9f-e4fa-4285-bcd3-15708f836aed%22:%91%22background_color%22%93}&#8221;]<\/p>\n<p>Since 2015, Nordic Bike Shows has been organizing Scandinavia&#8217;s biggest bike shows.<br \/>More than 50,000 bicycle-loving visitors are annually inspired by the many products and brands that the exhibitors have on their stands.<\/p>\n<p>[\/et_pb_fullwidth_header][\/et_pb_section][et_pb_section fb_built=&#8221;1&#8243; _builder_version=&#8221;4.20.2&#8243; _module_preset=&#8221;default&#8221; global_colors_info=&#8221;{}&#8221;][et_pb_row _builder_version=&#8221;4.19.4&#8243; _module_preset=&#8221;default&#8221; global_colors_info=&#8221;{}&#8221;][et_pb_column type=&#8221;4_4&#8243; _builder_version=&#8221;4.19.4&#8243; _module_preset=&#8221;default&#8221; global_colors_info=&#8221;{}&#8221;][et_pb_text _builder_version=&#8221;4.20.2&#8243; _module_preset=&#8221;0cf11c04-bc01-4c14-b0fb-af679ed136d8&#8243; global_colors_info=&#8221;{}&#8221;]<\/p>\n<h3>Do you want to be an exhibitor?<\/h3>\n<p>Contact us to become an exhibitor at the Copenhagen Bike Show, VeloDays or Cykler for Alle.<\/p>\n<p>[\/et_pb_text][et_pb_button button_url=&#8221;https:\/\/nordicbikeshows.dk\/en\/nordic-bike-shows\/soft-booking-reservation-request\/&#8221; button_text=&#8221;Booking request&#8221; _builder_version=&#8221;4.20.0&#8243; _module_preset=&#8221;043ec4bd-5c4e-4214-b0b1-01409c059a80&#8243; button_text_color=&#8221;gcid-e915d4a1-333d-4312-8b90-2c387d468063&#8243; box_shadow_color=&#8221;gcid-e915d4a1-333d-4312-8b90-2c387d468063&#8243; global_colors_info=&#8221;{%22gcid-e915d4a1-333d-4312-8b90-2c387d468063%22:%91%22button_bg_color%22,%22button_text_color%22,%22box_shadow_color%22%93,%22gcid-a98b2458-7b0d-4c5e-8e1f-38b0b58a2abc%22:%91%22box_shadow_color%22%93}&#8221;][\/et_pb_button][\/et_pb_column][\/et_pb_row][\/et_pb_section]<\/p>\n","protected":false},"excerpt":{"rendered":"<p>We are ready to assist you<\/p>\n","protected":false},"author":1,"featured_media":9229,"parent":10343,"menu_order":0,"comment_status":"closed","ping_status":"closed","template":"","meta":{"_acf_changed":false,"_et_pb_use_builder":"on","_et_pb_old_content":"","_et_gb_content_width":"","footnotes":""},"layouts":[461,453],"class_list":["post-10036","page","type-page","status-publish","has-post-thumbnail","hentry","layouts-headeroverskrift","layouts-nbs-menu-og-footer"],"acf":[],"_links":{"self":[{"href":"https:\/\/nordicbikeshows.dk\/en\/wp-json\/wp\/v2\/pages\/10036","targetHints":{"allow":["GET"]}}],"collection":[{"href":"https:\/\/nordicbikeshows.dk\/en\/wp-json\/wp\/v2\/pages"}],"about":[{"href":"https:\/\/nordicbikeshows.dk\/en\/wp-json\/wp\/v2\/types\/page"}],"author":[{"embeddable":true,"href":"https:\/\/nordicbikeshows.dk\/en\/wp-json\/wp\/v2\/users\/1"}],"replies":[{"embeddable":true,"href":"https:\/\/nordicbikeshows.dk\/en\/wp-json\/wp\/v2\/comments?post=10036"}],"version-history":[{"count":0,"href":"https:\/\/nordicbikeshows.dk\/en\/wp-json\/wp\/v2\/pages\/10036\/revisions"}],"up":[{"embeddable":true,"href":"https:\/\/nordicbikeshows.dk\/en\/wp-json\/wp\/v2\/pages\/10343"}],"wp:featuredmedia":[{"embeddable":true,"href":"https:\/\/nordicbikeshows.dk\/en\/wp-json\/wp\/v2\/media\/9229"}],"wp:attachment":[{"href":"https:\/\/nordicbikeshows.dk\/en\/wp-json\/wp\/v2\/media?parent=10036"}],"wp:term":[{"taxonomy":"layouts","embeddable":true,"href":"https:\/\/nordicbikeshows.dk\/en\/wp-json\/wp\/v2\/layouts?post=10036"}],"curies":[{"name":"wp","href":"https:\/\/api.w.org\/{rel}","templated":true}]}}